{"id":426,"date":"2021-12-23T19:16:09","date_gmt":"2021-12-23T22:16:09","guid":{"rendered":"https:\/\/www.neodentalortodoncia.cl\/web\/?page_id=426"},"modified":"2021-12-27T21:50:18","modified_gmt":"2021-12-28T00:50:18","slug":"cursos","status":"publish","type":"page","link":"https:\/\/www.neodentalortodoncia.cl\/web\/cursos\/","title":{"rendered":"Cursos"},"content":{"rendered":"\t\t<div data-elementor-type=\"wp-page\" data-elementor-id=\"426\" class=\"elementor elementor-426\">\n\t\t\t\t\t\t<section class=\"elementor-section elementor-top-section elementor-element elementor-element-e5c5bb5 elementor-section-boxed elementor-section-height-default elementor-section-height-default\" data-id=\"e5c5bb5\" data-element_type=\"section\">\n\t\t\t\t\t\t<div class=\"elementor-container elementor-column-gap-default\">\n\t\t\t\t\t<div class=\"elementor-column elementor-col-100 elementor-top-column elementor-element elementor-element-7aa14cf\" data-id=\"7aa14cf\" data-element_type=\"column\">\n\t\t\t<div class=\"elementor-widget-wrap elementor-element-populated\">\n\t\t\t\t\t\t<div class=\"elementor-element elementor-element-fd6f62c elementor-arrows-position-inside elementor-pagination-position-outside elementor-widget elementor-widget-image-carousel\" data-id=\"fd6f62c\" data-element_type=\"widget\" data-settings=\"{&quot;slides_to_show&quot;:&quot;1&quot;,&quot;navigation&quot;:&quot;both&quot;,&quot;autoplay&quot;:&quot;yes&quot;,&quot;pause_on_hover&quot;:&quot;yes&quot;,&quot;pause_on_interaction&quot;:&quot;yes&quot;,&quot;autoplay_speed&quot;:5000,&quot;infinite&quot;:&quot;yes&quot;,&quot;effect&quot;:&quot;slide&quot;,&quot;speed&quot;:500}\" data-widget_type=\"image-carousel.default\">\n\t\t\t\t<div class=\"elementor-widget-container\">\n\t\t\t\t\t\t\t<div class=\"elementor-image-carousel-wrapper swiper\" role=\"region\" aria-roledescription=\"carousel\" aria-label=\"Carrusel de im\u00e1genes\" dir=\"ltr\">\n\t\t\t<div class=\"elementor-image-carousel swiper-wrapper swiper-image-stretch\" aria-live=\"off\">\n\t\t\t\t\t\t\t\t<div class=\"swiper-slide\" role=\"group\" aria-roledescription=\"slide\" aria-label=\"1 de 3\"><figure class=\"swiper-slide-inner\"><img decoding=\"async\" class=\"swiper-slide-image\" src=\"https:\/\/www.neodentalortodoncia.cl\/web\/wp-content\/uploads\/2021\/12\/rie.png\" alt=\"rie\" \/><\/figure><\/div><div class=\"swiper-slide\" role=\"group\" aria-roledescription=\"slide\" aria-label=\"2 de 3\"><figure class=\"swiper-slide-inner\"><img decoding=\"async\" class=\"swiper-slide-image\" src=\"https:\/\/www.neodentalortodoncia.cl\/web\/wp-content\/uploads\/2021\/12\/header-consulta.jpg\" alt=\"header-consulta\" \/><\/figure><\/div><div class=\"swiper-slide\" role=\"group\" aria-roledescription=\"slide\" aria-label=\"3 de 3\"><figure class=\"swiper-slide-inner\"><img decoding=\"async\" class=\"swiper-slide-image\" src=\"https:\/\/www.neodentalortodoncia.cl\/web\/wp-content\/uploads\/2021\/12\/header-ampliado.jpg\" alt=\"header-ampliado\" \/><\/figure><\/div>\t\t\t<\/div>\n\t\t\t\t\t\t\t\t\t\t\t\t<div class=\"elementor-swiper-button elementor-swiper-button-prev\" role=\"button\" tabindex=\"0\">\n\t\t\t\t\t\t<i aria-hidden=\"true\" class=\"eicon-chevron-left\"><\/i>\t\t\t\t\t<\/div>\n\t\t\t\t\t<div class=\"elementor-swiper-button elementor-swiper-button-next\" role=\"button\" tabindex=\"0\">\n\t\t\t\t\t\t<i aria-hidden=\"true\" class=\"eicon-chevron-right\"><\/i>\t\t\t\t\t<\/div>\n\t\t\t\t\n\t\t\t\t\t\t\t\t\t<div class=\"swiper-pagination\"><\/div>\n\t\t\t\t\t\t\t\t\t<\/div>\n\t\t\t\t\t\t<\/div>\n\t\t\t\t<\/div>\n\t\t\t\t\t<\/div>\n\t\t<\/div>\n\t\t\t\t\t<\/div>\n\t\t<\/section>\n\t\t\t\t<section class=\"elementor-section elementor-top-section elementor-element elementor-element-d1d6c96 elementor-section-boxed elementor-section-height-default elementor-section-height-default\" data-id=\"d1d6c96\" data-element_type=\"section\">\n\t\t\t\t\t\t<div class=\"elementor-container elementor-column-gap-default\">\n\t\t\t\t\t<div class=\"elementor-column elementor-col-100 elementor-top-column elementor-element elementor-element-6548917\" data-id=\"6548917\" data-element_type=\"column\">\n\t\t\t<div class=\"elementor-widget-wrap elementor-element-populated\">\n\t\t\t\t\t\t<div class=\"elementor-element elementor-element-5b75a46 elementor-widget elementor-widget-text-editor\" data-id=\"5b75a46\" data-element_type=\"widget\" data-widget_type=\"text-editor.default\">\n\t\t\t\t<div class=\"elementor-widget-container\">\n\t\t\t\t\t\t\t\t\t<p>CURSOS<\/p><p>Curso MBT system Dr Moresca y Dr Lazarin<\/p><p>Curso CCO System Philadelphia USA. Docente Dr Antonino Secchi. Junio 2017 y junio 2018.<\/p><p>Curso internacional Actualizaci\u00f3n Clases II, Docentes Dr Alvaro Larriu (Espa\u00f1a), Dr Armando Dias da Silva (Portugal), Dr Felipe Illanes y Dr Carlos Becerra (CHile). Agosto 2019.<\/p><p>Simposio internacional de trastornos respiratorios y del sue\u00f1o. Agosto 2018<\/p><p>Curso Anclaje esqueletal (te\u00f3rico \u2013 pr\u00e1ctico) Chile. Dr Eduardo Macluff (Brasil), Dr Carlos Becerra y Dr Felipe Illanes (Chile). Octubre 2017<\/p><p>Invisalign Days \u2013 actualizaciones Ortodoncia Invisible Invisalign. Dr Arturo Vela (Espa\u00f1a), Dr Ivan Malag\u00f3n (Espa\u00f1a), Dra Daiana Alzuru (M\u00e9xico).<\/p>\t\t\t\t\t\t\t\t<\/div>\n\t\t\t\t<\/div>\n\t\t\t\t\t<\/div>\n\t\t<\/div>\n\t\t\t\t\t<\/div>\n\t\t<\/section>\n\t\t\t\t<section class=\"elementor-section elementor-top-section elementor-element elementor-element-264e191 elementor-section-boxed elementor-section-height-default elementor-section-height-default\" data-id=\"264e191\" data-element_type=\"section\">\n\t\t\t\t\t\t<div class=\"elementor-container elementor-column-gap-default\">\n\t\t\t\t\t<div class=\"elementor-column elementor-col-100 elementor-top-column elementor-element elementor-element-222700a\" data-id=\"222700a\" data-element_type=\"column\">\n\t\t\t<div class=\"elementor-widget-wrap elementor-element-populated\">\n\t\t\t\t\t\t<div class=\"elementor-element elementor-element-8cca35f elementor-widget elementor-widget-gallery\" data-id=\"8cca35f\" data-element_type=\"widget\" data-settings=\"{&quot;lazyload&quot;:&quot;yes&quot;,&quot;gallery_layout&quot;:&quot;grid&quot;,&quot;columns&quot;:4,&quot;columns_tablet&quot;:2,&quot;columns_mobile&quot;:1,&quot;gap&quot;:{&quot;unit&quot;:&quot;px&quot;,&quot;size&quot;:10,&quot;sizes&quot;:[]},&quot;gap_tablet&quot;:{&quot;unit&quot;:&quot;px&quot;,&quot;size&quot;:10,&quot;sizes&quot;:[]},&quot;gap_mobile&quot;:{&quot;unit&quot;:&quot;px&quot;,&quot;size&quot;:10,&quot;sizes&quot;:[]},&quot;link_to&quot;:&quot;file&quot;,&quot;aspect_ratio&quot;:&quot;3:2&quot;,&quot;overlay_background&quot;:&quot;yes&quot;,&quot;content_hover_animation&quot;:&quot;fade-in&quot;}\" data-widget_type=\"gallery.default\">\n\t\t\t\t<div class=\"elementor-widget-container\">\n\t\t\t\t\t\t\t<div class=\"elementor-gallery__container\">\n\t\t\t\t\t\t\t<a class=\"e-gallery-item elementor-gallery-item elementor-animated-content\" href=\"https:\/\/www.neodentalortodoncia.cl\/web\/wp-content\/uploads\/2021\/12\/4FC6AEBF-FFFE-458E-9F50-227CDDA78B58-1024x1024-1.jpg\" data-elementor-open-lightbox=\"yes\" data-elementor-lightbox-slideshow=\"all-8cca35f\" data-elementor-lightbox-title=\"4FC6AEBF-FFFE-458E-9F50-227CDDA78B58-1024x1024\" data-e-action-hash=\"#elementor-action%3Aaction%3Dlightbox%26settings%3DeyJpZCI6NDMyLCJ1cmwiOiJodHRwczpcL1wvd3d3Lm5lb2RlbnRhbG9ydG9kb25jaWEuY2xcL3dlYlwvd3AtY29udGVudFwvdXBsb2Fkc1wvMjAyMVwvMTJcLzRGQzZBRUJGLUZGRkUtNDU4RS05RjUwLTIyN0NEREE3OEI1OC0xMDI0eDEwMjQtMS5qcGciLCJzbGlkZXNob3ciOiJhbGwtOGNjYTM1ZiJ9\">\n\t\t\t\t\t<div class=\"e-gallery-image elementor-gallery-item__image\" data-thumbnail=\"https:\/\/www.neodentalortodoncia.cl\/web\/wp-content\/uploads\/2021\/12\/4FC6AEBF-FFFE-458E-9F50-227CDDA78B58-1024x1024-1-300x300.jpg\" data-width=\"300\" data-height=\"300\" alt=\"\" ><\/div>\n\t\t\t\t\t\t\t\t\t\t\t<div class=\"elementor-gallery-item__overlay\"><\/div>\n\t\t\t\t\t\t\t\t\t\t\t\t\t\t<\/a>\n\t\t\t\t\t\t\t<a class=\"e-gallery-item elementor-gallery-item elementor-animated-content\" href=\"https:\/\/www.neodentalortodoncia.cl\/web\/wp-content\/uploads\/2021\/12\/6af7ce31-c45a-464c-a02b-73cbec5f4b8c-1-1024x791-1.jpg\" data-elementor-open-lightbox=\"yes\" data-elementor-lightbox-slideshow=\"all-8cca35f\" data-elementor-lightbox-title=\"6af7ce31-c45a-464c-a02b-73cbec5f4b8c-1-1024x791\" data-e-action-hash=\"#elementor-action%3Aaction%3Dlightbox%26settings%3DeyJpZCI6NDMzLCJ1cmwiOiJodHRwczpcL1wvd3d3Lm5lb2RlbnRhbG9ydG9kb25jaWEuY2xcL3dlYlwvd3AtY29udGVudFwvdXBsb2Fkc1wvMjAyMVwvMTJcLzZhZjdjZTMxLWM0NWEtNDY0Yy1hMDJiLTczY2JlYzVmNGI4Yy0xLTEwMjR4NzkxLTEuanBnIiwic2xpZGVzaG93IjoiYWxsLThjY2EzNWYifQ%3D%3D\">\n\t\t\t\t\t<div class=\"e-gallery-image elementor-gallery-item__image\" data-thumbnail=\"https:\/\/www.neodentalortodoncia.cl\/web\/wp-content\/uploads\/2021\/12\/6af7ce31-c45a-464c-a02b-73cbec5f4b8c-1-1024x791-1-300x232.jpg\" data-width=\"300\" data-height=\"232\" alt=\"\" ><\/div>\n\t\t\t\t\t\t\t\t\t\t\t<div class=\"elementor-gallery-item__overlay\"><\/div>\n\t\t\t\t\t\t\t\t\t\t\t\t\t\t<\/a>\n\t\t\t\t\t\t\t<a class=\"e-gallery-item elementor-gallery-item elementor-animated-content\" href=\"https:\/\/www.neodentalortodoncia.cl\/web\/wp-content\/uploads\/2021\/12\/8cafe229-6b08-4ed5-b687-ff1bbffd94a7-1024x768-1.jpg\" data-elementor-open-lightbox=\"yes\" data-elementor-lightbox-slideshow=\"all-8cca35f\" data-elementor-lightbox-title=\"8cafe229-6b08-4ed5-b687-ff1bbffd94a7-1024x768\" data-e-action-hash=\"#elementor-action%3Aaction%3Dlightbox%26settings%3DeyJpZCI6NDM1LCJ1cmwiOiJodHRwczpcL1wvd3d3Lm5lb2RlbnRhbG9ydG9kb25jaWEuY2xcL3dlYlwvd3AtY29udGVudFwvdXBsb2Fkc1wvMjAyMVwvMTJcLzhjYWZlMjI5LTZiMDgtNGVkNS1iNjg3LWZmMWJiZmZkOTRhNy0xMDI0eDc2OC0xLmpwZyIsInNsaWRlc2hvdyI6ImFsbC04Y2NhMzVmIn0%3D\">\n\t\t\t\t\t<div class=\"e-gallery-image elementor-gallery-item__image\" data-thumbnail=\"https:\/\/www.neodentalortodoncia.cl\/web\/wp-content\/uploads\/2021\/12\/8cafe229-6b08-4ed5-b687-ff1bbffd94a7-1024x768-1-300x225.jpg\" data-width=\"300\" data-height=\"225\" alt=\"\" ><\/div>\n\t\t\t\t\t\t\t\t\t\t\t<div class=\"elementor-gallery-item__overlay\"><\/div>\n\t\t\t\t\t\t\t\t\t\t\t\t\t\t<\/a>\n\t\t\t\t\t\t\t<a class=\"e-gallery-item elementor-gallery-item elementor-animated-content\" href=\"https:\/\/www.neodentalortodoncia.cl\/web\/wp-content\/uploads\/2021\/12\/31f45110-515e-4cbc-9df7-9d2b908a4178.jpg\" data-elementor-open-lightbox=\"yes\" data-elementor-lightbox-slideshow=\"all-8cca35f\" data-elementor-lightbox-title=\"31f45110-515e-4cbc-9df7-9d2b908a4178\" data-e-action-hash=\"#elementor-action%3Aaction%3Dlightbox%26settings%3DeyJpZCI6NDM2LCJ1cmwiOiJodHRwczpcL1wvd3d3Lm5lb2RlbnRhbG9ydG9kb25jaWEuY2xcL3dlYlwvd3AtY29udGVudFwvdXBsb2Fkc1wvMjAyMVwvMTJcLzMxZjQ1MTEwLTUxNWUtNGNiYy05ZGY3LTlkMmI5MDhhNDE3OC5qcGciLCJzbGlkZXNob3ciOiJhbGwtOGNjYTM1ZiJ9\">\n\t\t\t\t\t<div class=\"e-gallery-image elementor-gallery-item__image\" data-thumbnail=\"https:\/\/www.neodentalortodoncia.cl\/web\/wp-content\/uploads\/2021\/12\/31f45110-515e-4cbc-9df7-9d2b908a4178-300x225.jpg\" data-width=\"300\" data-height=\"225\" alt=\"\" ><\/div>\n\t\t\t\t\t\t\t\t\t\t\t<div class=\"elementor-gallery-item__overlay\"><\/div>\n\t\t\t\t\t\t\t\t\t\t\t\t\t\t<\/a>\n\t\t\t\t\t\t\t<a class=\"e-gallery-item elementor-gallery-item elementor-animated-content\" href=\"https:\/\/www.neodentalortodoncia.cl\/web\/wp-content\/uploads\/2021\/12\/0EE8B677-17B0-491F-9B19-6555681B52D0-1-1024x1024-1.jpg\" data-elementor-open-lightbox=\"yes\" data-elementor-lightbox-slideshow=\"all-8cca35f\" data-elementor-lightbox-title=\"0EE8B677-17B0-491F-9B19-6555681B52D0-1-1024x1024\" data-e-action-hash=\"#elementor-action%3Aaction%3Dlightbox%26settings%3DeyJpZCI6NDM4LCJ1cmwiOiJodHRwczpcL1wvd3d3Lm5lb2RlbnRhbG9ydG9kb25jaWEuY2xcL3dlYlwvd3AtY29udGVudFwvdXBsb2Fkc1wvMjAyMVwvMTJcLzBFRThCNjc3LTE3QjAtNDkxRi05QjE5LTY1NTU2ODFCNTJEMC0xLTEwMjR4MTAyNC0xLmpwZyIsInNsaWRlc2hvdyI6ImFsbC04Y2NhMzVmIn0%3D\">\n\t\t\t\t\t<div class=\"e-gallery-image elementor-gallery-item__image\" data-thumbnail=\"https:\/\/www.neodentalortodoncia.cl\/web\/wp-content\/uploads\/2021\/12\/0EE8B677-17B0-491F-9B19-6555681B52D0-1-1024x1024-1-300x300.jpg\" data-width=\"300\" data-height=\"300\" alt=\"\" ><\/div>\n\t\t\t\t\t\t\t\t\t\t\t<div class=\"elementor-gallery-item__overlay\"><\/div>\n\t\t\t\t\t\t\t\t\t\t\t\t\t\t<\/a>\n\t\t\t\t\t\t\t<a class=\"e-gallery-item elementor-gallery-item elementor-animated-content\" href=\"https:\/\/www.neodentalortodoncia.cl\/web\/wp-content\/uploads\/2021\/12\/b4208521-b8b3-47e0-92e5-47d8624ba4e9-1024x649-1.jpg\" data-elementor-open-lightbox=\"yes\" data-elementor-lightbox-slideshow=\"all-8cca35f\" data-elementor-lightbox-title=\"b4208521-b8b3-47e0-92e5-47d8624ba4e9-1024x649\" data-e-action-hash=\"#elementor-action%3Aaction%3Dlightbox%26settings%3DeyJpZCI6NDM5LCJ1cmwiOiJodHRwczpcL1wvd3d3Lm5lb2RlbnRhbG9ydG9kb25jaWEuY2xcL3dlYlwvd3AtY29udGVudFwvdXBsb2Fkc1wvMjAyMVwvMTJcL2I0MjA4NTIxLWI4YjMtNDdlMC05MmU1LTQ3ZDg2MjRiYTRlOS0xMDI0eDY0OS0xLmpwZyIsInNsaWRlc2hvdyI6ImFsbC04Y2NhMzVmIn0%3D\">\n\t\t\t\t\t<div class=\"e-gallery-image elementor-gallery-item__image\" data-thumbnail=\"https:\/\/www.neodentalortodoncia.cl\/web\/wp-content\/uploads\/2021\/12\/b4208521-b8b3-47e0-92e5-47d8624ba4e9-1024x649-1-300x190.jpg\" data-width=\"300\" data-height=\"190\" alt=\"\" ><\/div>\n\t\t\t\t\t\t\t\t\t\t\t<div class=\"elementor-gallery-item__overlay\"><\/div>\n\t\t\t\t\t\t\t\t\t\t\t\t\t\t<\/a>\n\t\t\t\t\t\t\t<a class=\"e-gallery-item elementor-gallery-item elementor-animated-content\" href=\"https:\/\/www.neodentalortodoncia.cl\/web\/wp-content\/uploads\/2021\/12\/IMG_4605.jpg\" data-elementor-open-lightbox=\"yes\" data-elementor-lightbox-slideshow=\"all-8cca35f\" data-elementor-lightbox-title=\"IMG_4605\" data-e-action-hash=\"#elementor-action%3Aaction%3Dlightbox%26settings%3DeyJpZCI6NDQwLCJ1cmwiOiJodHRwczpcL1wvd3d3Lm5lb2RlbnRhbG9ydG9kb25jaWEuY2xcL3dlYlwvd3AtY29udGVudFwvdXBsb2Fkc1wvMjAyMVwvMTJcL0lNR180NjA1LmpwZyIsInNsaWRlc2hvdyI6ImFsbC04Y2NhMzVmIn0%3D\">\n\t\t\t\t\t<div class=\"e-gallery-image elementor-gallery-item__image\" data-thumbnail=\"https:\/\/www.neodentalortodoncia.cl\/web\/wp-content\/uploads\/2021\/12\/IMG_4605-300x300.jpg\" data-width=\"300\" data-height=\"300\" alt=\"\" ><\/div>\n\t\t\t\t\t\t\t\t\t\t\t<div class=\"elementor-gallery-item__overlay\"><\/div>\n\t\t\t\t\t\t\t\t\t\t\t\t\t\t<\/a>\n\t\t\t\t\t\t\t<a class=\"e-gallery-item elementor-gallery-item elementor-animated-content\" href=\"https:\/\/www.neodentalortodoncia.cl\/web\/wp-content\/uploads\/2021\/12\/IMG_4606.jpg\" data-elementor-open-lightbox=\"yes\" data-elementor-lightbox-slideshow=\"all-8cca35f\" data-elementor-lightbox-title=\"IMG_4606\" data-e-action-hash=\"#elementor-action%3Aaction%3Dlightbox%26settings%3DeyJpZCI6NDQxLCJ1cmwiOiJodHRwczpcL1wvd3d3Lm5lb2RlbnRhbG9ydG9kb25jaWEuY2xcL3dlYlwvd3AtY29udGVudFwvdXBsb2Fkc1wvMjAyMVwvMTJcL0lNR180NjA2LmpwZyIsInNsaWRlc2hvdyI6ImFsbC04Y2NhMzVmIn0%3D\">\n\t\t\t\t\t<div class=\"e-gallery-image elementor-gallery-item__image\" data-thumbnail=\"https:\/\/www.neodentalortodoncia.cl\/web\/wp-content\/uploads\/2021\/12\/IMG_4606-300x300.jpg\" data-width=\"300\" data-height=\"300\" alt=\"\" ><\/div>\n\t\t\t\t\t\t\t\t\t\t\t<div class=\"elementor-gallery-item__overlay\"><\/div>\n\t\t\t\t\t\t\t\t\t\t\t\t\t\t<\/a>\n\t\t\t\t\t\t\t<a class=\"e-gallery-item elementor-gallery-item elementor-animated-content\" href=\"https:\/\/www.neodentalortodoncia.cl\/web\/wp-content\/uploads\/2021\/12\/IMG_6724-768x1024-1.jpg\" data-elementor-open-lightbox=\"yes\" data-elementor-lightbox-slideshow=\"all-8cca35f\" data-elementor-lightbox-title=\"IMG_6724-768x1024\" data-e-action-hash=\"#elementor-action%3Aaction%3Dlightbox%26settings%3DeyJpZCI6NDQyLCJ1cmwiOiJodHRwczpcL1wvd3d3Lm5lb2RlbnRhbG9ydG9kb25jaWEuY2xcL3dlYlwvd3AtY29udGVudFwvdXBsb2Fkc1wvMjAyMVwvMTJcL0lNR182NzI0LTc2OHgxMDI0LTEuanBnIiwic2xpZGVzaG93IjoiYWxsLThjY2EzNWYifQ%3D%3D\">\n\t\t\t\t\t<div class=\"e-gallery-image elementor-gallery-item__image\" data-thumbnail=\"https:\/\/www.neodentalortodoncia.cl\/web\/wp-content\/uploads\/2021\/12\/IMG_6724-768x1024-1-225x300.jpg\" data-width=\"225\" data-height=\"300\" alt=\"\" ><\/div>\n\t\t\t\t\t\t\t\t\t\t\t<div class=\"elementor-gallery-item__overlay\"><\/div>\n\t\t\t\t\t\t\t\t\t\t\t\t\t\t<\/a>\n\t\t\t\t\t\t\t<a class=\"e-gallery-item elementor-gallery-item elementor-animated-content\" href=\"https:\/\/www.neodentalortodoncia.cl\/web\/wp-content\/uploads\/2021\/12\/IMG_4266.jpg\" data-elementor-open-lightbox=\"yes\" data-elementor-lightbox-slideshow=\"all-8cca35f\" data-elementor-lightbox-title=\"IMG_4266\" data-e-action-hash=\"#elementor-action%3Aaction%3Dlightbox%26settings%3DeyJpZCI6NDQzLCJ1cmwiOiJodHRwczpcL1wvd3d3Lm5lb2RlbnRhbG9ydG9kb25jaWEuY2xcL3dlYlwvd3AtY29udGVudFwvdXBsb2Fkc1wvMjAyMVwvMTJcL0lNR180MjY2LmpwZyIsInNsaWRlc2hvdyI6ImFsbC04Y2NhMzVmIn0%3D\">\n\t\t\t\t\t<div class=\"e-gallery-image elementor-gallery-item__image\" data-thumbnail=\"https:\/\/www.neodentalortodoncia.cl\/web\/wp-content\/uploads\/2021\/12\/IMG_4266-300x225.jpg\" data-width=\"300\" data-height=\"225\" alt=\"\" ><\/div>\n\t\t\t\t\t\t\t\t\t\t\t<div class=\"elementor-gallery-item__overlay\"><\/div>\n\t\t\t\t\t\t\t\t\t\t\t\t\t\t<\/a>\n\t\t\t\t\t\t\t<a class=\"e-gallery-item elementor-gallery-item elementor-animated-content\" href=\"https:\/\/www.neodentalortodoncia.cl\/web\/wp-content\/uploads\/2021\/12\/IMG_3515.jpg\" data-elementor-open-lightbox=\"yes\" data-elementor-lightbox-slideshow=\"all-8cca35f\" data-elementor-lightbox-title=\"IMG_3515\" data-e-action-hash=\"#elementor-action%3Aaction%3Dlightbox%26settings%3DeyJpZCI6NDQ0LCJ1cmwiOiJodHRwczpcL1wvd3d3Lm5lb2RlbnRhbG9ydG9kb25jaWEuY2xcL3dlYlwvd3AtY29udGVudFwvdXBsb2Fkc1wvMjAyMVwvMTJcL0lNR18zNTE1LmpwZyIsInNsaWRlc2hvdyI6ImFsbC04Y2NhMzVmIn0%3D\">\n\t\t\t\t\t<div class=\"e-gallery-image elementor-gallery-item__image\" data-thumbnail=\"https:\/\/www.neodentalortodoncia.cl\/web\/wp-content\/uploads\/2021\/12\/IMG_3515-300x225.jpg\" data-width=\"300\" data-height=\"225\" alt=\"\" ><\/div>\n\t\t\t\t\t\t\t\t\t\t\t<div class=\"elementor-gallery-item__overlay\"><\/div>\n\t\t\t\t\t\t\t\t\t\t\t\t\t\t<\/a>\n\t\t\t\t\t\t\t<a class=\"e-gallery-item elementor-gallery-item elementor-animated-content\" href=\"https:\/\/www.neodentalortodoncia.cl\/web\/wp-content\/uploads\/2021\/12\/IMG_3274-768x1024-1.jpg\" data-elementor-open-lightbox=\"yes\" data-elementor-lightbox-slideshow=\"all-8cca35f\" data-elementor-lightbox-title=\"IMG_3274-768x1024\" data-e-action-hash=\"#elementor-action%3Aaction%3Dlightbox%26settings%3DeyJpZCI6NDQ1LCJ1cmwiOiJodHRwczpcL1wvd3d3Lm5lb2RlbnRhbG9ydG9kb25jaWEuY2xcL3dlYlwvd3AtY29udGVudFwvdXBsb2Fkc1wvMjAyMVwvMTJcL0lNR18zMjc0LTc2OHgxMDI0LTEuanBnIiwic2xpZGVzaG93IjoiYWxsLThjY2EzNWYifQ%3D%3D\">\n\t\t\t\t\t<div class=\"e-gallery-image elementor-gallery-item__image\" data-thumbnail=\"https:\/\/www.neodentalortodoncia.cl\/web\/wp-content\/uploads\/2021\/12\/IMG_3274-768x1024-1-225x300.jpg\" data-width=\"225\" data-height=\"300\" alt=\"\" ><\/div>\n\t\t\t\t\t\t\t\t\t\t\t<div class=\"elementor-gallery-item__overlay\"><\/div>\n\t\t\t\t\t\t\t\t\t\t\t\t\t\t<\/a>\n\t\t\t\t\t\t\t<a class=\"e-gallery-item elementor-gallery-item elementor-animated-content\" href=\"https:\/\/www.neodentalortodoncia.cl\/web\/wp-content\/uploads\/2021\/12\/IMG_3193.jpg\" data-elementor-open-lightbox=\"yes\" data-elementor-lightbox-slideshow=\"all-8cca35f\" data-elementor-lightbox-title=\"IMG_3193\" data-e-action-hash=\"#elementor-action%3Aaction%3Dlightbox%26settings%3DeyJpZCI6NDQ2LCJ1cmwiOiJodHRwczpcL1wvd3d3Lm5lb2RlbnRhbG9ydG9kb25jaWEuY2xcL3dlYlwvd3AtY29udGVudFwvdXBsb2Fkc1wvMjAyMVwvMTJcL0lNR18zMTkzLmpwZyIsInNsaWRlc2hvdyI6ImFsbC04Y2NhMzVmIn0%3D\">\n\t\t\t\t\t<div class=\"e-gallery-image elementor-gallery-item__image\" data-thumbnail=\"https:\/\/www.neodentalortodoncia.cl\/web\/wp-content\/uploads\/2021\/12\/IMG_3193-300x225.jpg\" data-width=\"300\" data-height=\"225\" alt=\"\" ><\/div>\n\t\t\t\t\t\t\t\t\t\t\t<div class=\"elementor-gallery-item__overlay\"><\/div>\n\t\t\t\t\t\t\t\t\t\t\t\t\t\t<\/a>\n\t\t\t\t\t<\/div>\n\t\t\t\t\t<\/div>\n\t\t\t\t<\/div>\n\t\t\t\t\t<\/div>\n\t\t<\/div>\n\t\t\t\t\t<\/div>\n\t\t<\/section>\n\t\t\t\t<\/div>\n\t\t","protected":false},"excerpt":{"rendered":"<p>Anterior Siguiente CURSOS Curso MBT system Dr Moresca y Dr Lazarin Curso CCO System Philadelphia USA. Docente Dr Antonino Secchi. Junio 2017 y junio 2018. Curso internacional Actualizaci\u00f3n Clases II, Docentes Dr Alvaro Larriu (Espa\u00f1a), Dr Armando Dias da Silva (Portugal), Dr Felipe Illanes y Dr Carlos Becerra (CHile). Agosto 2019. Simposio internacional de trastornos &#8230; <a title=\"Cursos\" class=\"read-more\" href=\"https:\/\/www.neodentalortodoncia.cl\/web\/cursos\/\" aria-label=\"M\u00e1s en Cursos\">Leer m\u00e1s<\/a><\/p>\n","protected":false},"author":1,"featured_media":0,"parent":0,"menu_order":0,"comment_status":"closed","ping_status":"closed","template":"elementor_header_footer","meta":{"_joinchat":[],"footnotes":""},"class_list":["post-426","page","type-page","status-publish"],"_links":{"self":[{"href":"https:\/\/www.neodentalortodoncia.cl\/web\/wp-json\/wp\/v2\/pages\/426","targetHints":{"allow":["GET"]}}],"collection":[{"href":"https:\/\/www.neodentalortodoncia.cl\/web\/wp-json\/wp\/v2\/pages"}],"about":[{"href":"https:\/\/www.neodentalortodoncia.cl\/web\/wp-json\/wp\/v2\/types\/page"}],"author":[{"embeddable":true,"href":"https:\/\/www.neodentalortodoncia.cl\/web\/wp-json\/wp\/v2\/users\/1"}],"replies":[{"embeddable":true,"href":"https:\/\/www.neodentalortodoncia.cl\/web\/wp-json\/wp\/v2\/comments?post=426"}],"version-history":[{"count":8,"href":"https:\/\/www.neodentalortodoncia.cl\/web\/wp-json\/wp\/v2\/pages\/426\/revisions"}],"predecessor-version":[{"id":615,"href":"https:\/\/www.neodentalortodoncia.cl\/web\/wp-json\/wp\/v2\/pages\/426\/revisions\/615"}],"wp:attachment":[{"href":"https:\/\/www.neodentalortodoncia.cl\/web\/wp-json\/wp\/v2\/media?parent=426"}],"curies":[{"name":"wp","href":"https:\/\/api.w.org\/{rel}","templated":true}]}}