{"id":470,"date":"2021-12-24T13:05:30","date_gmt":"2021-12-24T16:05:30","guid":{"rendered":"https:\/\/www.neodentalortodoncia.cl\/web\/?page_id=470"},"modified":"2026-02-09T12:14:38","modified_gmt":"2026-02-09T15:14:38","slug":"ortodoncia","status":"publish","type":"page","link":"https:\/\/www.neodentalortodoncia.cl\/web\/ortodoncia\/","title":{"rendered":"Ortodoncia"},"content":{"rendered":"\t\t<div data-elementor-type=\"wp-page\" data-elementor-id=\"470\" class=\"elementor elementor-470\">\n\t\t\t\t\t\t<section class=\"elementor-section elementor-top-section elementor-element elementor-element-ebff5fb elementor-section-boxed elementor-section-height-default elementor-section-height-default\" data-id=\"ebff5fb\" data-element_type=\"section\">\n\t\t\t\t\t\t<div class=\"elementor-container elementor-column-gap-default\">\n\t\t\t\t\t<div class=\"elementor-column elementor-col-100 elementor-top-column elementor-element elementor-element-dc6f420\" data-id=\"dc6f420\" data-element_type=\"column\">\n\t\t\t<div class=\"elementor-widget-wrap elementor-element-populated\">\n\t\t\t\t\t\t<div class=\"elementor-element elementor-element-7aa9809 elementor-arrows-position-inside elementor-pagination-position-outside elementor-widget elementor-widget-image-carousel\" data-id=\"7aa9809\" data-element_type=\"widget\" data-settings=\"{&quot;slides_to_show&quot;:&quot;1&quot;,&quot;navigation&quot;:&quot;both&quot;,&quot;autoplay&quot;:&quot;yes&quot;,&quot;pause_on_hover&quot;:&quot;yes&quot;,&quot;pause_on_interaction&quot;:&quot;yes&quot;,&quot;autoplay_speed&quot;:5000,&quot;infinite&quot;:&quot;yes&quot;,&quot;effect&quot;:&quot;slide&quot;,&quot;speed&quot;:500}\" data-widget_type=\"image-carousel.default\">\n\t\t\t\t<div class=\"elementor-widget-container\">\n\t\t\t\t\t\t\t<div class=\"elementor-image-carousel-wrapper swiper\" role=\"region\" aria-roledescription=\"carousel\" aria-label=\"Carrusel de im\u00e1genes\" dir=\"ltr\">\n\t\t\t<div class=\"elementor-image-carousel swiper-wrapper swiper-image-stretch\" aria-live=\"off\">\n\t\t\t\t\t\t\t\t<div class=\"swiper-slide\" role=\"group\" aria-roledescription=\"slide\" aria-label=\"1 de 3\"><figure class=\"swiper-slide-inner\"><img decoding=\"async\" class=\"swiper-slide-image\" src=\"https:\/\/www.neodentalortodoncia.cl\/web\/wp-content\/uploads\/2021\/12\/rie.png\" alt=\"rie\" \/><\/figure><\/div><div class=\"swiper-slide\" role=\"group\" aria-roledescription=\"slide\" aria-label=\"2 de 3\"><figure class=\"swiper-slide-inner\"><img decoding=\"async\" class=\"swiper-slide-image\" src=\"https:\/\/www.neodentalortodoncia.cl\/web\/wp-content\/uploads\/2021\/12\/header.cepillo.jpg\" alt=\"header.cepillo\" \/><\/figure><\/div><div class=\"swiper-slide\" role=\"group\" aria-roledescription=\"slide\" aria-label=\"3 de 3\"><figure class=\"swiper-slide-inner\"><img decoding=\"async\" class=\"swiper-slide-image\" src=\"https:\/\/www.neodentalortodoncia.cl\/web\/wp-content\/uploads\/2021\/12\/header-ampliado.jpg\" alt=\"header-ampliado\" \/><\/figure><\/div>\t\t\t<\/div>\n\t\t\t\t\t\t\t\t\t\t\t\t<div class=\"elementor-swiper-button elementor-swiper-button-prev\" role=\"button\" tabindex=\"0\">\n\t\t\t\t\t\t<i aria-hidden=\"true\" class=\"eicon-chevron-left\"><\/i>\t\t\t\t\t<\/div>\n\t\t\t\t\t<div class=\"elementor-swiper-button elementor-swiper-button-next\" role=\"button\" tabindex=\"0\">\n\t\t\t\t\t\t<i aria-hidden=\"true\" class=\"eicon-chevron-right\"><\/i>\t\t\t\t\t<\/div>\n\t\t\t\t\n\t\t\t\t\t\t\t\t\t<div class=\"swiper-pagination\"><\/div>\n\t\t\t\t\t\t\t\t\t<\/div>\n\t\t\t\t\t\t<\/div>\n\t\t\t\t<\/div>\n\t\t\t\t\t<\/div>\n\t\t<\/div>\n\t\t\t\t\t<\/div>\n\t\t<\/section>\n\t\t\t\t<section class=\"elementor-section elementor-top-section elementor-element elementor-element-9587ba9 elementor-section-boxed elementor-section-height-default elementor-section-height-default\" data-id=\"9587ba9\" data-element_type=\"section\">\n\t\t\t\t\t\t<div class=\"elementor-container elementor-column-gap-default\">\n\t\t\t\t\t<div class=\"elementor-column elementor-col-50 elementor-top-column elementor-element elementor-element-4c591f4\" data-id=\"4c591f4\" data-element_type=\"column\">\n\t\t\t<div class=\"elementor-widget-wrap elementor-element-populated\">\n\t\t\t\t\t\t<div class=\"elementor-element elementor-element-b5b8f7a elementor-widget elementor-widget-text-editor\" data-id=\"b5b8f7a\" data-element_type=\"widget\" data-widget_type=\"text-editor.default\">\n\t\t\t\t<div class=\"elementor-widget-container\">\n\t\t\t\t\t\t\t\t\t<p><strong><span class=\"titulo Estilo2\">ORTODONCIA Y ORTOPEDIA DENTOMAXILAR<\/span><\/strong><\/p><p>La ortodoncia es la rama de la odontolog\u00eda que se encarga del\u00a0<strong>estudio, prevenci\u00f3n, diagn\u00f3stico y tratamiento de las anomal\u00edas<\/strong>\u00a0de forma, posici\u00f3n y funci\u00f3n de los dientes y maxilares.<\/p><p><img decoding=\"async\" class=\"size-full wp-image-155 alignleft\" src=\"https:\/\/www.neodentalortodoncia.cl\/web\/wp-content\/uploads\/2021\/12\/ortodoncia2.png\" alt=\"ortodoncia2\" width=\"183\" height=\"201\" \/>Busca la\u00a0<strong>armon\u00eda y est\u00e9tica\u00a0<\/strong>tanto dentaria como facial, la correcci\u00f3n de problemas de\u00a0<strong>oclusi\u00f3n<\/strong>\u00a0(mordida), as\u00ed como tambi\u00e9n\u00a0<strong>permite guiar la erupci\u00f3n<\/strong>\u00a0de los dientes y el desarrollo de los maxilares logrando as\u00ed un\u00a0<strong>equilibrio de est\u00e9tica y funci\u00f3n.<\/strong><\/p><p>Con un adecuado\u00a0<strong>diagn\u00f3stico<\/strong>\u00a0se formula un\u00a0<strong>plan de tratamiento<\/strong>\u00a0para cada paciente. Mediante distintos aparatos (\u201cfrenillos\u201d), que var\u00edan en su indicaci\u00f3n seg\u00fan las caracter\u00edsticas individuales de cada paciente, se manejan<strong>\u00a0fuerzas ortod\u00f3ncicas que permiten actuar en el desarrollo de los maxilares, en la erupci\u00f3n dentaria y en la adecuada alineaci\u00f3n de las piezas dentarias.<\/strong><\/p><p>Hoy en d\u00eda los tratamientos se adaptan a las necesidades de\u00a0<strong>ni\u00f1os, adolecentes y adultos,<\/strong>\u00a0para lo cual existen aparatos removibles o fijos tanto met\u00e1licos como cer\u00e1micos (m\u00e1s est\u00e9ticos).<\/p><p>La primera evaluaci\u00f3n en la especialidad de ortodoncia es bueno realizarla a corta edad, aproximadamente a los 5 a\u00f1os.<strong>Para ser evaluados en Neodental Ortodoncia NO requiere interconsulta y es absolutamente gratis.<\/strong><\/p><p>Venga a conocernos. Agende su hora al 2269199. Jos\u00e9 Arrieta 5932 casa D, metro Orientales, La reina, Santiago.<\/p><p align=\"center\">\u00a1Lo esperamos!<\/p>\t\t\t\t\t\t\t\t<\/div>\n\t\t\t\t<\/div>\n\t\t\t\t\t<\/div>\n\t\t<\/div>\n\t\t\t\t<div class=\"elementor-column elementor-col-50 elementor-top-column elementor-element elementor-element-2fe5383\" data-id=\"2fe5383\" data-element_type=\"column\">\n\t\t\t<div class=\"elementor-widget-wrap elementor-element-populated\">\n\t\t\t\t\t\t<div class=\"elementor-element elementor-element-77ea53d elementor-widget elementor-widget-image\" data-id=\"77ea53d\" data-element_type=\"widget\" data-widget_type=\"image.default\">\n\t\t\t\t<div class=\"elementor-widget-container\">\n\t\t\t\t\t\t\t\t\t\t\t\t\t\t\t<img decoding=\"async\" width=\"300\" height=\"141\" src=\"https:\/\/www.neodentalortodoncia.cl\/web\/wp-content\/uploads\/2021\/12\/orto-imagen-2-300x141-1.jpg\" class=\"attachment-large size-large wp-image-477\" alt=\"\" \/>\t\t\t\t\t\t\t\t\t\t\t\t\t\t\t<\/div>\n\t\t\t\t<\/div>\n\t\t\t\t\t<\/div>\n\t\t<\/div>\n\t\t\t\t\t<\/div>\n\t\t<\/section>\n\t\t\t\t<section class=\"elementor-section elementor-top-section elementor-element elementor-element-4a4791c elementor-section-boxed elementor-section-height-default elementor-section-height-default\" data-id=\"4a4791c\" data-element_type=\"section\">\n\t\t\t\t\t\t<div class=\"elementor-container elementor-column-gap-default\">\n\t\t\t\t\t<div class=\"elementor-column elementor-col-100 elementor-top-column elementor-element elementor-element-95f0718\" data-id=\"95f0718\" data-element_type=\"column\">\n\t\t\t<div class=\"elementor-widget-wrap elementor-element-populated\">\n\t\t\t\t\t\t<div class=\"elementor-element elementor-element-e3d0b6d elementor-widget elementor-widget-image\" data-id=\"e3d0b6d\" data-element_type=\"widget\" data-widget_type=\"image.default\">\n\t\t\t\t<div class=\"elementor-widget-container\">\n\t\t\t\t\t\t\t\t\t\t\t\t\t\t\t<img fetchpriority=\"high\" decoding=\"async\" width=\"356\" height=\"307\" src=\"https:\/\/www.neodentalortodoncia.cl\/web\/wp-content\/uploads\/2021\/12\/mordidas-ortodoncia-1.jpg\" class=\"attachment-large size-large wp-image-479\" alt=\"\" srcset=\"https:\/\/www.neodentalortodoncia.cl\/web\/wp-content\/uploads\/2021\/12\/mordidas-ortodoncia-1.jpg 356w, https:\/\/www.neodentalortodoncia.cl\/web\/wp-content\/uploads\/2021\/12\/mordidas-ortodoncia-1-300x259.jpg 300w\" sizes=\"(max-width: 356px) 100vw, 356px\" \/>\t\t\t\t\t\t\t\t\t\t\t\t\t\t\t<\/div>\n\t\t\t\t<\/div>\n\t\t\t\t\t<\/div>\n\t\t<\/div>\n\t\t\t\t\t<\/div>\n\t\t<\/section>\n\t\t\t\t<section class=\"elementor-section elementor-top-section elementor-element elementor-element-137eae1 elementor-section-boxed elementor-section-height-default elementor-section-height-default\" data-id=\"137eae1\" data-element_type=\"section\" data-settings=\"{&quot;background_background&quot;:&quot;classic&quot;}\">\n\t\t\t\t\t\t<div class=\"elementor-container elementor-column-gap-default\">\n\t\t\t\t\t<div class=\"elementor-column elementor-col-100 elementor-top-column elementor-element elementor-element-746a682\" data-id=\"746a682\" data-element_type=\"column\">\n\t\t\t<div class=\"elementor-widget-wrap elementor-element-populated\">\n\t\t\t\t\t\t<div class=\"elementor-element elementor-element-fe2d373 elementor-widget elementor-widget-heading\" data-id=\"fe2d373\" data-element_type=\"widget\" data-widget_type=\"heading.default\">\n\t\t\t\t<div class=\"elementor-widget-container\">\n\t\t\t\t\t<h2 class=\"elementor-heading-title elementor-size-default\">Promoci\u00f3n Bienvenido 2026<\/h2>\t\t\t\t<\/div>\n\t\t\t\t<\/div>\n\t\t\t\t\t<\/div>\n\t\t<\/div>\n\t\t\t\t\t<\/div>\n\t\t<\/section>\n\t\t\t\t<section class=\"elementor-section elementor-top-section elementor-element elementor-element-d8ddbfe elementor-section-boxed elementor-section-height-default elementor-section-height-default\" data-id=\"d8ddbfe\" data-element_type=\"section\">\n\t\t\t\t\t\t<div class=\"elementor-container elementor-column-gap-default\">\n\t\t\t\t\t<div class=\"elementor-column elementor-col-100 elementor-top-column elementor-element elementor-element-6381fe4\" data-id=\"6381fe4\" data-element_type=\"column\">\n\t\t\t<div class=\"elementor-widget-wrap elementor-element-populated\">\n\t\t\t\t\t\t<div class=\"elementor-element elementor-element-6d8389a elementor-widget elementor-widget-image\" data-id=\"6d8389a\" data-element_type=\"widget\" data-widget_type=\"image.default\">\n\t\t\t\t<div class=\"elementor-widget-container\">\n\t\t\t\t\t\t\t\t\t\t\t\t\t\t\t<img loading=\"lazy\" decoding=\"async\" width=\"508\" height=\"339\" src=\"https:\/\/www.neodentalortodoncia.cl\/web\/wp-content\/uploads\/2023\/01\/PROMOCIONES2023.jpg\" class=\"attachment-large size-large wp-image-702\" alt=\"\" srcset=\"https:\/\/www.neodentalortodoncia.cl\/web\/wp-content\/uploads\/2023\/01\/PROMOCIONES2023.jpg 508w, https:\/\/www.neodentalortodoncia.cl\/web\/wp-content\/uploads\/2023\/01\/PROMOCIONES2023-300x200.jpg 300w\" sizes=\"(max-width: 508px) 100vw, 508px\" \/>\t\t\t\t\t\t\t\t\t\t\t\t\t\t\t<\/div>\n\t\t\t\t<\/div>\n\t\t\t\t<div class=\"elementor-element elementor-element-fcdda7e elementor-widget elementor-widget-text-editor\" data-id=\"fcdda7e\" data-element_type=\"widget\" data-widget_type=\"text-editor.default\">\n\t\t\t\t<div class=\"elementor-widget-container\">\n\t\t\t\t\t\t\t\t\t<p>Si comienzas tu tratamiento de ortodoncia antes del 30\/6\/26 te regalamos una limpieza dentaria y blanqueamiento al finalizar. No te lo puedes perder!!<\/p>\t\t\t\t\t\t\t\t<\/div>\n\t\t\t\t<\/div>\n\t\t\t\t<div class=\"elementor-element elementor-element-d04d668 elementor-widget elementor-widget-spacer\" data-id=\"d04d668\" data-element_type=\"widget\" data-widget_type=\"spacer.default\">\n\t\t\t\t<div class=\"elementor-widget-container\">\n\t\t\t\t\t\t\t<div class=\"elementor-spacer\">\n\t\t\t<div class=\"elementor-spacer-inner\"><\/div>\n\t\t<\/div>\n\t\t\t\t\t\t<\/div>\n\t\t\t\t<\/div>\n\t\t\t\t\t<\/div>\n\t\t<\/div>\n\t\t\t\t\t<\/div>\n\t\t<\/section>\n\t\t\t\t<\/div>\n\t\t","protected":false},"excerpt":{"rendered":"<p>ORTODONCIA Y ORTOPEDIA DENTOMAXILAR La ortodoncia es la rama de la odontolog\u00eda que se encarga del\u00a0estudio, prevenci\u00f3n, diagn\u00f3stico y tratamiento de las anomal\u00edas\u00a0de forma, posici\u00f3n y funci\u00f3n de los dientes y maxilares. Busca la\u00a0armon\u00eda y est\u00e9tica\u00a0tanto dentaria como facial, la correcci\u00f3n de problemas de\u00a0oclusi\u00f3n\u00a0(mordida), as\u00ed como tambi\u00e9n\u00a0permite guiar la erupci\u00f3n\u00a0de los dientes y el desarrollo &#8230; <a title=\"Ortodoncia\" class=\"read-more\" href=\"https:\/\/www.neodentalortodoncia.cl\/web\/ortodoncia\/\" aria-label=\"M\u00e1s en Ortodoncia\">Leer m\u00e1s<\/a><\/p>\n","protected":false},"author":1,"featured_media":0,"parent":0,"menu_order":0,"comment_status":"closed","ping_status":"closed","template":"elementor_header_footer","meta":{"_joinchat":[],"footnotes":""},"class_list":["post-470","page","type-page","status-publish"],"_links":{"self":[{"href":"https:\/\/www.neodentalortodoncia.cl\/web\/wp-json\/wp\/v2\/pages\/470","targetHints":{"allow":["GET"]}}],"collection":[{"href":"https:\/\/www.neodentalortodoncia.cl\/web\/wp-json\/wp\/v2\/pages"}],"about":[{"href":"https:\/\/www.neodentalortodoncia.cl\/web\/wp-json\/wp\/v2\/types\/page"}],"author":[{"embeddable":true,"href":"https:\/\/www.neodentalortodoncia.cl\/web\/wp-json\/wp\/v2\/users\/1"}],"replies":[{"embeddable":true,"href":"https:\/\/www.neodentalortodoncia.cl\/web\/wp-json\/wp\/v2\/comments?post=470"}],"version-history":[{"count":10,"href":"https:\/\/www.neodentalortodoncia.cl\/web\/wp-json\/wp\/v2\/pages\/470\/revisions"}],"predecessor-version":[{"id":1198,"href":"https:\/\/www.neodentalortodoncia.cl\/web\/wp-json\/wp\/v2\/pages\/470\/revisions\/1198"}],"wp:attachment":[{"href":"https:\/\/www.neodentalortodoncia.cl\/web\/wp-json\/wp\/v2\/media?parent=470"}],"curies":[{"name":"wp","href":"https:\/\/api.w.org\/{rel}","templated":true}]}}